{"id":69,"date":"2023-01-31T19:21:12","date_gmt":"2023-01-31T18:21:12","guid":{"rendered":"https:\/\/ekopark.webimagin.pl\/?page_id=69"},"modified":"2025-11-17T16:42:59","modified_gmt":"2025-11-17T15:42:59","slug":"dokumenty","status":"publish","type":"page","link":"https:\/\/ekopark.info.pl\/?page_id=69","title":{"rendered":"Dokumenty"},"content":{"rendered":"\t\t<div data-elementor-type=\"wp-page\" data-elementor-id=\"69\" class=\"elementor elementor-69\" data-elementor-post-type=\"page\">\n\t\t\t\t\t\t<section class=\"elementor-section elementor-top-section elementor-element elementor-element-ad07cc8 elementor-section-boxed elementor-section-height-default elementor-section-height-default\" data-id=\"ad07cc8\" data-element_type=\"section\" data-e-type=\"section\">\n\t\t\t\t\t\t<div class=\"elementor-container elementor-column-gap-default\">\n\t\t\t\t\t<div class=\"elementor-column elementor-col-100 elementor-top-column elementor-element elementor-element-af310e6\" data-id=\"af310e6\" data-element_type=\"column\" data-e-type=\"column\">\n\t\t\t<div class=\"elementor-widget-wrap elementor-element-populated\">\n\t\t\t\t\t\t<div class=\"elementor-element elementor-element-46b31c8 elementor-widget elementor-widget-heading\" data-id=\"46b31c8\" data-element_type=\"widget\" data-e-type=\"widget\" data-widget_type=\"heading.default\">\n\t\t\t\t<div class=\"elementor-widget-container\">\n\t\t\t\t\t<h2 class=\"elementor-heading-title elementor-size-medium\">Dokumenty<\/h2>\t\t\t\t<\/div>\n\t\t\t\t<\/div>\n\t\t\t\t<div class=\"elementor-element elementor-element-414b408 elementor-widget elementor-widget-text-editor\" data-id=\"414b408\" data-element_type=\"widget\" data-e-type=\"widget\" data-widget_type=\"text-editor.default\">\n\t\t\t\t<div class=\"elementor-widget-container\">\n\t\t\t\t\t\t\t\t\t<p>Zapoznaj si\u0119 z Naszymi dokumentami po klikni\u0119ciu:<\/p><ul><li><a href=\"http:\/\/www.ekopark.info.pl\/images\/Dokumenty\/2015_05_08-KRS-aktualny.pdf\" target=\"_blank\" rel=\"noopener\">KRS<\/a><\/li><li><a href=\"http:\/\/www.ekopark.info.pl\/images\/Dokumenty\/2014_04_09-EKOPARK-zaswiadczenieNIP.pdf\" target=\"_blank\" rel=\"noopener\">NIP<\/a><\/li><li><a href=\"http:\/\/www.ekopark.info.pl\/images\/Dokumenty\/2014_04_09-EKOPARK-Regon.pdf\" target=\"_blank\" rel=\"noopener\">REGON<\/a><\/li><li><a href=\"http:\/\/www.ekopark.info.pl\/images\/Dokumenty\/2015_04_08-KRK-Ekopark.pdf\" target=\"_blank\" rel=\"noopener\">KRK Ekopark<\/a><\/li><li><a href=\"http:\/\/www.ekopark.info.pl\/images\/Dokumenty\/2017_09_20-Zawiadczenieprzewozydrogoweakt.pdf\">Za\u015bwiadczenie na przewozy drogowe<\/a><\/li><li><a href=\"http:\/\/www.ekopark.info.pl\/images\/Dokumenty\/GIOS.pdf\" target=\"_blank\" rel=\"noopener\">Wpis do GIO\u015a w zakresie WEEE<\/a><\/li><li><a href=\"http:\/\/www.ekopark.info.pl\/images\/Dokumenty\/2017_09_20-GIOAktualny.pdf\">Wpis do GIO\u015a w zakresie WEEE aktualny<\/a><\/li><li><a href=\"http:\/\/www.ekopark.info.pl\/images\/2018_03--Numer-rejestrowy-BDO.pdf\">Numer rejestrowy BDO -2018<\/a><\/li><li><a href=\"http:\/\/www.ekopark.info.pl\/images\/2024 - Decyzja przetwarzanie- odzysk 15 01 10 - aktualizacja.PDF\" data-wplink-url-error=\"true\">Decyzja przetwarzanie\/odzysk 15 01 10* &#8211; aktualizacja<\/a><\/li><li><a href=\"https:\/\/ekopark.info.pl\/wp-content\/uploads\/2025\/10\/certyfikat_KZR_INIG_EKOPARK.pdf\">Certyfikat KZR INiG<\/a><\/li><li><a href=\"https:\/\/ekopark.info.pl\/wp-content\/uploads\/2025\/11\/2025_10_31-Nowa-decyzja-na-zbieranie-poczatek-12-stron.pdf\">Nowa decyzja na zbieranie odpad\u00f3w 2025<\/a><\/li><\/ul>\t\t\t\t\t\t\t\t<\/div>\n\t\t\t\t<\/div>\n\t\t\t\t<div class=\"elementor-element elementor-element-6e42a56 elementor-widget-divider--view-line elementor-widget elementor-widget-divider\" data-id=\"6e42a56\" data-element_type=\"widget\" data-e-type=\"widget\" data-widget_type=\"divider.default\">\n\t\t\t\t<div class=\"elementor-widget-container\">\n\t\t\t\t\t\t\t<div class=\"elementor-divider\">\n\t\t\t<span class=\"elementor-divider-separator\">\n\t\t\t\t\t\t<\/span>\n\t\t<\/div>\n\t\t\t\t\t\t<\/div>\n\t\t\t\t<\/div>\n\t\t\t\t\t<\/div>\n\t\t<\/div>\n\t\t\t\t\t<\/div>\n\t\t<\/section>\n\t\t\t\t<\/div>\n\t\t","protected":false},"excerpt":{"rendered":"<p>Dokumenty Zapoznaj si\u0119 z Naszymi dokumentami po klikni\u0119ciu: KRS NIP REGON KRK Ekopark Za\u015bwiadczenie na przewozy drogowe Wpis do GIO\u015a w zakresie WEEE Wpis do GIO\u015a w zakresie WEEE aktualny Numer rejestrowy BDO -2018 Decyzja przetwarzanie\/odzysk 15 01 10* &#8211; aktualizacja Certyfikat KZR INiG Nowa decyzja na zbieranie odpad\u00f3w 2025<\/p>\n","protected":false},"author":1,"featured_media":0,"parent":0,"menu_order":0,"comment_status":"closed","ping_status":"closed","template":"","meta":{"footnotes":""},"class_list":["post-69","page","type-page","status-publish","hentry"],"_links":{"self":[{"href":"https:\/\/ekopark.info.pl\/index.php?rest_route=\/wp\/v2\/pages\/69","targetHints":{"allow":["GET"]}}],"collection":[{"href":"https:\/\/ekopark.info.pl\/index.php?rest_route=\/wp\/v2\/pages"}],"about":[{"href":"https:\/\/ekopark.info.pl\/index.php?rest_route=\/wp\/v2\/types\/page"}],"author":[{"embeddable":true,"href":"https:\/\/ekopark.info.pl\/index.php?rest_route=\/wp\/v2\/users\/1"}],"replies":[{"embeddable":true,"href":"https:\/\/ekopark.info.pl\/index.php?rest_route=%2Fwp%2Fv2%2Fcomments&post=69"}],"version-history":[{"count":64,"href":"https:\/\/ekopark.info.pl\/index.php?rest_route=\/wp\/v2\/pages\/69\/revisions"}],"predecessor-version":[{"id":1928,"href":"https:\/\/ekopark.info.pl\/index.php?rest_route=\/wp\/v2\/pages\/69\/revisions\/1928"}],"wp:attachment":[{"href":"https:\/\/ekopark.info.pl\/index.php?rest_route=%2Fwp%2Fv2%2Fmedia&parent=69"}],"curies":[{"name":"wp","href":"https:\/\/api.w.org\/{rel}","templated":true}]}}