{"id":1377,"date":"2023-02-05T12:24:44","date_gmt":"2023-02-05T11:24:44","guid":{"rendered":"https:\/\/ekopark.webimagin.pl\/?page_id=1377"},"modified":"2023-03-30T13:51:43","modified_gmt":"2023-03-30T11:51:43","slug":"rozporzadzenia-pliki-do-pobrania","status":"publish","type":"page","link":"https:\/\/ekopark.info.pl\/?page_id=1377","title":{"rendered":"Rozporz\u0105dzenia &#8211; pliki do pobrania"},"content":{"rendered":"\t\t<div data-elementor-type=\"wp-page\" data-elementor-id=\"1377\" class=\"elementor elementor-1377\" data-elementor-post-type=\"page\">\n\t\t\t\t\t\t<section class=\"elementor-section elementor-top-section elementor-element elementor-element-51163bf elementor-section-boxed elementor-section-height-default elementor-section-height-default\" data-id=\"51163bf\" data-element_type=\"section\" data-e-type=\"section\">\n\t\t\t\t\t\t<div class=\"elementor-container elementor-column-gap-default\">\n\t\t\t\t\t<div class=\"elementor-column elementor-col-50 elementor-top-column elementor-element elementor-element-7c4c0ad\" data-id=\"7c4c0ad\" data-element_type=\"column\" data-e-type=\"column\">\n\t\t\t<div class=\"elementor-widget-wrap elementor-element-populated\">\n\t\t\t\t\t\t<div class=\"elementor-element elementor-element-b048053 elementor-widget elementor-widget-heading\" data-id=\"b048053\" data-element_type=\"widget\" data-e-type=\"widget\" data-widget_type=\"heading.default\">\n\t\t\t\t<div class=\"elementor-widget-container\">\n\t\t\t\t\t<h2 class=\"elementor-heading-title elementor-size-medium\">Rozporz\u0105dzenia - pliki do pobrania<\/h2>\t\t\t\t<\/div>\n\t\t\t\t<\/div>\n\t\t\t\t<div class=\"elementor-element elementor-element-1d87b9a elementor-widget elementor-widget-text-editor\" data-id=\"1d87b9a\" data-element_type=\"widget\" data-e-type=\"widget\" data-widget_type=\"text-editor.default\">\n\t\t\t\t<div class=\"elementor-widget-container\">\n\t\t\t\t\t\t\t\t\t<section class=\"article-content clearfix\"><ul><li><a href=\"http:\/\/www.ekopark.info.pl\/images\/rozporzadzenia\/1-KatalogOdpadow.pdf\" target=\"_blank\" rel=\"noopener\">Katalog odpad\u00f3w<\/a><\/li><li><a href=\"http:\/\/www.ekopark.info.pl\/images\/rozporzadzenia\/2-RozporzadzenieWsprawieWzorowDokumentowStosowanychNaPotrzebyEwidencjiOdpadow.pdf\" target=\"_blank\" rel=\"noopener\">Rozporz\u0105dzenie w sparwie wzor\u00f3w dokument\u00f3w stosowanych na potrzeby ewidencji odpad\u00f3w<\/a><\/li><li><a href=\"http:\/\/www.ekopark.info.pl\/images\/rozporzadzenia\/3-RozporzadzenieWsprawieWzorowDokumentowPotwierdzajcychOdzyskIrecykling.pdf\" target=\"_blank\" rel=\"noopener\">Rozporz\u0105dzenie w sprawie wzor\u00f3w dokument\u00f3w potwierdzaj\u0105cych odzysk i recykling<\/a><\/li><li><a href=\"http:\/\/www.ekopark.info.pl\/images\/rozporzadzenia\/4-RozporzadzenieWsprawiePostepowaniaZolejamiOdpadowymi.pdf\" target=\"_blank\" rel=\"noopener\">Rozporz\u0105dzenie w sparwie post\u0119powania z olejami odpadowymi<\/a><\/li><li><a href=\"http:\/\/www.ekopark.info.pl\/images\/rozporzadzenia\/5-RozporzadzenieWsprawiePostepowaniaZodpadamiMedycznymi.pdf\" target=\"_blank\" rel=\"noopener\">Rozporz\u0105dzenie w sparwie post\u0119powania z odpadmi medycznymi<\/a><\/li><li><a href=\"http:\/\/www.ekopark.info.pl\/images\/rozporzadzenia\/6-RozporzadzenieWsprawiePostepowaniaZodpadamiWeterynaryjnymi.pdf\" target=\"_blank\" rel=\"noopener\">Rozporz\u0105dzenie w sparwie post\u0119powania z odpadami weteryjnaryjnymi<\/a><\/li><li><a href=\"http:\/\/www.ekopark.info.pl\/images\/rozporzadzenia\/7-RozporzdzenieWsprawieOdpadowKtoreMoznaPrzekazywacOsobomFizycznym.pdf\" target=\"_blank\" rel=\"noopener\">Rozporz\u0105dzenie w sparwie odpad\u00f3w, kt\u00f3re mo\u017cna przekazywa\u0107 osobom fizycznym<\/a><\/li><li><a href=\"http:\/\/www.ekopark.info.pl\/images\/rozporzadzenia\/8-RozporzadzenieWsprawieWzorowSprawozdan.pdf\" target=\"_blank\" rel=\"noopener\">Rozporz\u0105dzenie w sparwie wzor\u00f3w sparwozda\u0144<\/a><\/li><li><a href=\"http:\/\/www.ekopark.info.pl\/images\/rozporzadzenia\/9-RozporzadzenieWsprawieWzorowWykazowZaKorzystanieZeSrodowiska2013.pdf\" target=\"_blank\" rel=\"noopener\">Rozporz\u0105dzenie w sparwie wzor\u00f3w wykaz\u00f3w za korzystanie ze \u015brodowiska 2013<\/a><\/li><li><a href=\"http:\/\/www.ekopark.info.pl\/images\/rozporzadzenia\/10-RozporzadzenieWsprawiePrzedsiewziecMogacychZnaczacoOddzialywacNaSrodowisko.pdf\" target=\"_blank\" rel=\"noopener\">Rozporz\u0105dzenie w sprawie przedsi\u0119wzi\u0119\u0107 mog\u0105cych znacz\u0105co oddzia\u0142ywac na \u015brodowisko<\/a><\/li><li><a href=\"http:\/\/www.ekopark.info.pl\/images\/rozporzadzenia\/10a-ZminaRozporzadzeniaWsprawiePrzedsiewziecMogacychZnaczacoOddzialywacNaSrodowisko.pdf\" target=\"_blank\" rel=\"noopener\">Zmiana rozporz\u0105denia w sprawie przedsi\u0119wzi\u0119\u0107 mog\u0105cych znacz\u0105co oddzia\u0142ywac na \u015brodowisko<\/a><\/li><li><a href=\"http:\/\/www.ekopark.info.pl\/images\/rozporzadzenia\/11-RozporzdzenieWsprawieRodzajowOdpadowIilosciOdpadowDlaKtorychNieMaObowiazkuProwadzeniaEwidencjiOdpadow.pdf\" target=\"_blank\" rel=\"noopener\">Rozporz\u0105dzenie w sparwie rodzaj\u00f3w odpadliwo\u015bci odpad\u00f3w dla kt\u00f3rych nie ma obowi\u0105zku prowadzenia ewidencji odpad\u00f3w<\/a><\/li><li><a href=\"https:\/\/isap.sejm.gov.pl\/isap.nsf\/DocDetails.xsp?id=WDU20220002330\">Rozporz\u0105dzenie Ministra Klimatu i \u015arodowiska z dnia 27 pa\u017adziernika 2022 r. w sprawie okre\u015blenia szczeg\u00f3\u0142owych warunk\u00f3w utraty statusu odpad\u00f3w dla odpad\u00f3w powstaj\u0105cych w procesie energetycznego spalania paliw (Dz. U. 2022 poz. 2330)<\/a><\/li><li><a href=\"https:\/\/isap.sejm.gov.pl\/isap.nsf\/DocDetails.xsp?id=WDU20220000178\">Rozporz\u0105dzenie Ministra Finans\u00f3w z dnia 25 stycznia 2022 r. zmieniaj\u0105ce rozporz\u0105dzenie w sprawie towar\u00f3w, kt\u00f3rych przew\u00f3z jest obj\u0119ty systemem monitorowania drogowego i kolejowego przewozu towar\u00f3w oraz obrotu paliwami opa\u0142owymi (Dz. Ust. 2022 poz. 178)<\/a><\/li><li><a href=\"http:\/\/isap.sejm.gov.pl\/isap.nsf\/DocDetails.xsp?id=WDU20190001639\">Rozporz\u0105dzenie Ministra \u015arodowiska z dnia 27 sierpnia 2019 r. w sprawie stawki op\u0142aty recyklingowej (Dz.U. 2019, poz. 1639)<\/a><\/li><\/ul><\/section>\t\t\t\t\t\t\t\t<\/div>\n\t\t\t\t<\/div>\n\t\t\t\t<div class=\"elementor-element elementor-element-5c3a71e elementor-widget-divider--view-line elementor-widget elementor-widget-divider\" data-id=\"5c3a71e\" data-element_type=\"widget\" data-e-type=\"widget\" data-widget_type=\"divider.default\">\n\t\t\t\t<div class=\"elementor-widget-container\">\n\t\t\t\t\t\t\t<div class=\"elementor-divider\">\n\t\t\t<span class=\"elementor-divider-separator\">\n\t\t\t\t\t\t<\/span>\n\t\t<\/div>\n\t\t\t\t\t\t<\/div>\n\t\t\t\t<\/div>\n\t\t\t\t\t<\/div>\n\t\t<\/div>\n\t\t\t\t<div class=\"elementor-column elementor-col-50 elementor-top-column elementor-element elementor-element-c36c8f0\" data-id=\"c36c8f0\" data-element_type=\"column\" data-e-type=\"column\">\n\t\t\t<div class=\"elementor-widget-wrap elementor-element-populated\">\n\t\t\t\t\t\t<div class=\"elementor-element elementor-element-63d143f elementor-nav-menu--dropdown-tablet elementor-nav-menu__text-align-aside elementor-nav-menu--toggle elementor-nav-menu--burger elementor-widget elementor-widget-nav-menu\" data-id=\"63d143f\" data-element_type=\"widget\" data-e-type=\"widget\" data-settings=\"{&quot;layout&quot;:&quot;vertical&quot;,&quot;submenu_icon&quot;:{&quot;value&quot;:&quot;&lt;i class=\\&quot;fas fa-caret-down\\&quot; aria-hidden=\\&quot;true\\&quot;&gt;&lt;\\\/i&gt;&quot;,&quot;library&quot;:&quot;fa-solid&quot;},&quot;toggle&quot;:&quot;burger&quot;}\" data-widget_type=\"nav-menu.default\">\n\t\t\t\t<div class=\"elementor-widget-container\">\n\t\t\t\t\t\t\t\t<nav aria-label=\"Menu\" class=\"elementor-nav-menu--main elementor-nav-menu__container elementor-nav-menu--layout-vertical e--pointer-none\">\n\t\t\t\t<ul id=\"menu-1-63d143f\" class=\"elementor-nav-menu sm-vertical\"><li class=\"menu-item menu-item-type-post_type menu-item-object-page menu-item-1396\"><a href=\"https:\/\/ekopark.info.pl\/?page_id=1370\" class=\"elementor-item\">Ustawodawstwo, prawo<\/a><\/li>\n<li class=\"menu-item menu-item-type-post_type menu-item-object-page menu-item-1395\"><a href=\"https:\/\/ekopark.info.pl\/?page_id=1375\" class=\"elementor-item\">Ustawy \u2013 pliki do pobrania<\/a><\/li>\n<li class=\"menu-item menu-item-type-post_type menu-item-object-page menu-item-1394\"><a href=\"https:\/\/ekopark.info.pl\/?page_id=1377\" class=\"elementor-item\">Rozporz\u0105dzenia &#8211; pliki do pobrania<\/a><\/li>\n<li class=\"menu-item menu-item-type-post_type menu-item-object-page menu-item-1392\"><a href=\"https:\/\/ekopark.info.pl\/?page_id=1381\" class=\"elementor-item\">Interpretacja M\u015a \u2013 de minimis<\/a><\/li>\n<li class=\"menu-item menu-item-type-post_type menu-item-object-page menu-item-1391\"><a href=\"https:\/\/ekopark.info.pl\/?page_id=1383\" class=\"elementor-item\">Interpretacja M\u015a \u2013 kampanie<\/a><\/li>\n<\/ul>\t\t\t<\/nav>\n\t\t\t\t\t<div class=\"elementor-menu-toggle\" role=\"button\" tabindex=\"0\" aria-label=\"Menu Toggle\" aria-expanded=\"false\">\n\t\t\t<i aria-hidden=\"true\" role=\"presentation\" class=\"elementor-menu-toggle__icon--open eicon-menu-bar\"><\/i><i aria-hidden=\"true\" role=\"presentation\" class=\"elementor-menu-toggle__icon--close eicon-close\"><\/i>\t\t<\/div>\n\t\t\t\t\t<nav class=\"elementor-nav-menu--dropdown elementor-nav-menu__container\" aria-hidden=\"true\">\n\t\t\t\t<ul id=\"menu-2-63d143f\" class=\"elementor-nav-menu sm-vertical\"><li class=\"menu-item menu-item-type-post_type menu-item-object-page menu-item-1396\"><a href=\"https:\/\/ekopark.info.pl\/?page_id=1370\" class=\"elementor-item\" tabindex=\"-1\">Ustawodawstwo, prawo<\/a><\/li>\n<li class=\"menu-item menu-item-type-post_type menu-item-object-page menu-item-1395\"><a href=\"https:\/\/ekopark.info.pl\/?page_id=1375\" class=\"elementor-item\" tabindex=\"-1\">Ustawy \u2013 pliki do pobrania<\/a><\/li>\n<li class=\"menu-item menu-item-type-post_type menu-item-object-page menu-item-1394\"><a href=\"https:\/\/ekopark.info.pl\/?page_id=1377\" class=\"elementor-item\" tabindex=\"-1\">Rozporz\u0105dzenia &#8211; pliki do pobrania<\/a><\/li>\n<li class=\"menu-item menu-item-type-post_type menu-item-object-page menu-item-1392\"><a href=\"https:\/\/ekopark.info.pl\/?page_id=1381\" class=\"elementor-item\" tabindex=\"-1\">Interpretacja M\u015a \u2013 de minimis<\/a><\/li>\n<li class=\"menu-item menu-item-type-post_type menu-item-object-page menu-item-1391\"><a href=\"https:\/\/ekopark.info.pl\/?page_id=1383\" class=\"elementor-item\" tabindex=\"-1\">Interpretacja M\u015a \u2013 kampanie<\/a><\/li>\n<\/ul>\t\t\t<\/nav>\n\t\t\t\t\t\t<\/div>\n\t\t\t\t<\/div>\n\t\t\t\t<div class=\"elementor-element elementor-element-14ba8f6 elementor-widget elementor-widget-image\" data-id=\"14ba8f6\" data-element_type=\"widget\" data-e-type=\"widget\" data-widget_type=\"image.default\">\n\t\t\t\t<div class=\"elementor-widget-container\">\n\t\t\t\t\t\t\t\t\t\t\t\t\t\t\t\t<a href=\"https:\/\/bioremediacja.pl\/\">\n\t\t\t\t\t\t\t<img fetchpriority=\"high\" decoding=\"async\" width=\"600\" height=\"200\" src=\"https:\/\/ekopark.info.pl\/wp-content\/uploads\/2023\/02\/bioremediacja.pl3_.gif\" class=\"attachment-large size-large wp-image-482\" alt=\"bioremediacja banner\" \/>\t\t\t\t\t\t\t\t<\/a>\n\t\t\t\t\t\t\t\t\t\t\t\t\t\t\t<\/div>\n\t\t\t\t<\/div>\n\t\t\t\t\t<\/div>\n\t\t<\/div>\n\t\t\t\t\t<\/div>\n\t\t<\/section>\n\t\t\t\t<\/div>\n\t\t","protected":false},"excerpt":{"rendered":"<p>Rozporz\u0105dzenia &#8211; pliki do pobrania Katalog odpad\u00f3w Rozporz\u0105dzenie w sparwie wzor\u00f3w dokument\u00f3w stosowanych na potrzeby ewidencji odpad\u00f3w Rozporz\u0105dzenie w sprawie wzor\u00f3w dokument\u00f3w potwierdzaj\u0105cych odzysk i recykling Rozporz\u0105dzenie w sparwie post\u0119powania z olejami odpadowymi Rozporz\u0105dzenie w sparwie post\u0119powania z odpadmi medycznymi Rozporz\u0105dzenie w sparwie post\u0119powania z odpadami weteryjnaryjnymi Rozporz\u0105dzenie w sparwie odpad\u00f3w, kt\u00f3re mo\u017cna przekazywa\u0107 osobom [&hellip;]<\/p>\n","protected":false},"author":1,"featured_media":0,"parent":0,"menu_order":0,"comment_status":"closed","ping_status":"closed","template":"","meta":{"footnotes":""},"class_list":["post-1377","page","type-page","status-publish","hentry"],"_links":{"self":[{"href":"https:\/\/ekopark.info.pl\/index.php?rest_route=\/wp\/v2\/pages\/1377","targetHints":{"allow":["GET"]}}],"collection":[{"href":"https:\/\/ekopark.info.pl\/index.php?rest_route=\/wp\/v2\/pages"}],"about":[{"href":"https:\/\/ekopark.info.pl\/index.php?rest_route=\/wp\/v2\/types\/page"}],"author":[{"embeddable":true,"href":"https:\/\/ekopark.info.pl\/index.php?rest_route=\/wp\/v2\/users\/1"}],"replies":[{"embeddable":true,"href":"https:\/\/ekopark.info.pl\/index.php?rest_route=%2Fwp%2Fv2%2Fcomments&post=1377"}],"version-history":[{"count":14,"href":"https:\/\/ekopark.info.pl\/index.php?rest_route=\/wp\/v2\/pages\/1377\/revisions"}],"predecessor-version":[{"id":1716,"href":"https:\/\/ekopark.info.pl\/index.php?rest_route=\/wp\/v2\/pages\/1377\/revisions\/1716"}],"wp:attachment":[{"href":"https:\/\/ekopark.info.pl\/index.php?rest_route=%2Fwp%2Fv2%2Fmedia&parent=1377"}],"curies":[{"name":"wp","href":"https:\/\/api.w.org\/{rel}","templated":true}]}}