{"id":1375,"date":"2023-02-05T12:24:14","date_gmt":"2023-02-05T11:24:14","guid":{"rendered":"https:\/\/ekopark.webimagin.pl\/?page_id=1375"},"modified":"2023-03-30T13:49:01","modified_gmt":"2023-03-30T11:49:01","slug":"ustawy-pliki-do-pobrania","status":"publish","type":"page","link":"https:\/\/ekopark.info.pl\/?page_id=1375","title":{"rendered":"Ustawy &#8211; pliki do pobrania"},"content":{"rendered":"\t\t<div data-elementor-type=\"wp-page\" data-elementor-id=\"1375\" class=\"elementor elementor-1375\" data-elementor-post-type=\"page\">\n\t\t\t\t\t\t<section class=\"elementor-section elementor-top-section elementor-element elementor-element-bdcdaf4 elementor-section-boxed elementor-section-height-default elementor-section-height-default\" data-id=\"bdcdaf4\" data-element_type=\"section\" data-e-type=\"section\">\n\t\t\t\t\t\t<div class=\"elementor-container elementor-column-gap-default\">\n\t\t\t\t\t<div class=\"elementor-column elementor-col-50 elementor-top-column elementor-element elementor-element-1d529d2\" data-id=\"1d529d2\" data-element_type=\"column\" data-e-type=\"column\">\n\t\t\t<div class=\"elementor-widget-wrap elementor-element-populated\">\n\t\t\t\t\t\t<div class=\"elementor-element elementor-element-082f414 elementor-widget elementor-widget-heading\" data-id=\"082f414\" data-element_type=\"widget\" data-e-type=\"widget\" data-widget_type=\"heading.default\">\n\t\t\t\t<div class=\"elementor-widget-container\">\n\t\t\t\t\t<h2 class=\"elementor-heading-title elementor-size-medium\">Ustawy - pliki do pobrania<\/h2>\t\t\t\t<\/div>\n\t\t\t\t<\/div>\n\t\t\t\t<div class=\"elementor-element elementor-element-845bc08 elementor-widget elementor-widget-text-editor\" data-id=\"845bc08\" data-element_type=\"widget\" data-e-type=\"widget\" data-widget_type=\"text-editor.default\">\n\t\t\t\t<div class=\"elementor-widget-container\">\n\t\t\t\t\t\t\t\t\t<header class=\"article-header clearfix\"><ul><li class=\"article-title\"><a href=\"http:\/\/www.ekopark.info.pl\/images\/Ustawy\/1-PrwoOchronySrodowiska.pdf\" target=\"_blank\" rel=\"noopener\">Prawo Ochrony \u015arodowiska<\/a><\/li><\/ul><\/header><section class=\"article-content clearfix\"><ul><li><a href=\"http:\/\/www.ekopark.info.pl\/images\/Ustawy\/2-UstawaOodpadach.pdf\" target=\"_blank\" rel=\"noopener\">Ustawa o Odpadach<\/a><\/li><li><a href=\"http:\/\/www.ekopark.info.pl\/images\/Ustawy\/3-UstawaOutrzymaniuCzystosciIporzadkuWgminach.pdf\" target=\"_blank\" rel=\"noopener\">Ustawa o utrzymaniu czysto\u015bci i porz\u0105dku w Gminach<\/a><\/li><li><a href=\"http:\/\/www.ekopark.info.pl\/images\/Ustawy\/4-UstawaOgospodarceOpakowaniamiIodpadamiOpakowaniowymi.pdf\" target=\"_blank\" rel=\"noopener\">Ustawa o gospodarce opakowaniami i odpadami opakowaniowymi<\/a><\/li><li><a href=\"http:\/\/www.ekopark.info.pl\/images\/Ustawy\/5-UstawaOobowiazkachPrzedsiebiorcowWzakresieGospodarowaniaNiektorymiOdpadmiOrazOoplacieProduktowej.pdf\" target=\"_blank\" rel=\"noopener\">Ustawa o obowi\u0105zkach przedsi\u0119biorc\u00f3w w zakresie gospodarowania niekt\u00f3rymi odpadmi oraz o op\u0142acie produktowej<\/a><\/li><li><a href=\"http:\/\/www.ekopark.info.pl\/images\/Ustawy\/6-UstawaObateriachIakumulatorach.pdf\" target=\"_blank\" rel=\"noopener\">Ustawa o bateriach i akumulatorach<\/a><\/li><li><a href=\"http:\/\/www.ekopark.info.pl\/images\/Ustawy\/7-UstawaOzuzytymSprzecieElektrycznymIelektronicznym.pdf\" target=\"_blank\" rel=\"noopener\">Ustawa o zu\u017cytym sprz\u0119cie elektrycznym i elektronicznym<\/a><\/li><li><a href=\"http:\/\/www.ekopark.info.pl\/images\/Ustawy\/9-UstawaOmiedzynarodowymPrzemieszczaniuOdpadow.pdf\" target=\"_blank\" rel=\"noopener\">Ustawa o mi\u0119dzynarodowym przemieszczaniu odpad\u00f3w<\/a><\/li><li><a href=\"https:\/\/isap.sejm.gov.pl\/isap.nsf\/DocDetails.xsp?id=WDU20220001549\">Ustawa z dnia 7 lipca 2022 r. o zmianie ustawy &#8211; Prawo wodne oraz niekt\u00f3rych innych ustaw<\/a><\/li><li><a href=\"https:\/\/isap.sejm.gov.pl\/isap.nsf\/DocDetails.xsp?id=WDU20210002151\">Ustawa z dnia 17 listopada 2021 r. o zmianie ustawy o odpadach oraz niekt\u00f3rych innych ustaw<\/a><\/li><li><a href=\"https:\/\/isap.sejm.gov.pl\/isap.nsf\/DocDetails.xsp?id=WDU20210002151\">Ustawa z dnia 17 listopada 2021 r. o zmianie ustawy o odpadach oraz niekt\u00f3rych innych ustaw<\/a><\/li><li><a href=\"http:\/\/isap.sejm.gov.pl\/isap.nsf\/DocDetails.xsp?id=WDU20130000021\">Ustawa z dnia 14 grudnia 2012 r. o odpadach (tekst jednolity: Dz.U. 2022 poz. 699)<\/a><\/li><li><a href=\"https:\/\/isap.sejm.gov.pl\/isap.nsf\/DocDetails.xsp?id=WDU20210001648\">Ustawa z dnia 11 sierpnia 2021 r. o zmianie ustawy o utrzymaniu czysto\u015bci i porz\u0105dku w gminach, ustawy \u2013 Prawo ochrony \u015brodowiska oraz ustawy o odpadach<\/a><\/li><\/ul><\/section>\t\t\t\t\t\t\t\t<\/div>\n\t\t\t\t<\/div>\n\t\t\t\t<div class=\"elementor-element elementor-element-7705c26 elementor-widget-divider--view-line elementor-widget elementor-widget-divider\" data-id=\"7705c26\" data-element_type=\"widget\" data-e-type=\"widget\" data-widget_type=\"divider.default\">\n\t\t\t\t<div class=\"elementor-widget-container\">\n\t\t\t\t\t\t\t<div class=\"elementor-divider\">\n\t\t\t<span class=\"elementor-divider-separator\">\n\t\t\t\t\t\t<\/span>\n\t\t<\/div>\n\t\t\t\t\t\t<\/div>\n\t\t\t\t<\/div>\n\t\t\t\t\t<\/div>\n\t\t<\/div>\n\t\t\t\t<div class=\"elementor-column elementor-col-50 elementor-top-column elementor-element elementor-element-2ae3f42\" data-id=\"2ae3f42\" data-element_type=\"column\" data-e-type=\"column\">\n\t\t\t<div class=\"elementor-widget-wrap elementor-element-populated\">\n\t\t\t\t\t\t<div class=\"elementor-element elementor-element-ebbebc5 elementor-nav-menu--dropdown-tablet elementor-nav-menu__text-align-aside elementor-nav-menu--toggle elementor-nav-menu--burger elementor-widget elementor-widget-nav-menu\" data-id=\"ebbebc5\" data-element_type=\"widget\" data-e-type=\"widget\" data-settings=\"{&quot;layout&quot;:&quot;vertical&quot;,&quot;submenu_icon&quot;:{&quot;value&quot;:&quot;&lt;i class=\\&quot;fas fa-caret-down\\&quot; aria-hidden=\\&quot;true\\&quot;&gt;&lt;\\\/i&gt;&quot;,&quot;library&quot;:&quot;fa-solid&quot;},&quot;toggle&quot;:&quot;burger&quot;}\" data-widget_type=\"nav-menu.default\">\n\t\t\t\t<div class=\"elementor-widget-container\">\n\t\t\t\t\t\t\t\t<nav aria-label=\"Menu\" class=\"elementor-nav-menu--main elementor-nav-menu__container elementor-nav-menu--layout-vertical e--pointer-none\">\n\t\t\t\t<ul id=\"menu-1-ebbebc5\" class=\"elementor-nav-menu sm-vertical\"><li class=\"menu-item menu-item-type-post_type menu-item-object-page menu-item-1396\"><a href=\"https:\/\/ekopark.info.pl\/?page_id=1370\" class=\"elementor-item\">Ustawodawstwo, prawo<\/a><\/li>\n<li class=\"menu-item menu-item-type-post_type menu-item-object-page menu-item-1395\"><a href=\"https:\/\/ekopark.info.pl\/?page_id=1375\" class=\"elementor-item\">Ustawy \u2013 pliki do pobrania<\/a><\/li>\n<li class=\"menu-item menu-item-type-post_type menu-item-object-page menu-item-1394\"><a href=\"https:\/\/ekopark.info.pl\/?page_id=1377\" class=\"elementor-item\">Rozporz\u0105dzenia &#8211; pliki do pobrania<\/a><\/li>\n<li class=\"menu-item menu-item-type-post_type menu-item-object-page menu-item-1392\"><a href=\"https:\/\/ekopark.info.pl\/?page_id=1381\" class=\"elementor-item\">Interpretacja M\u015a \u2013 de minimis<\/a><\/li>\n<li class=\"menu-item menu-item-type-post_type menu-item-object-page menu-item-1391\"><a href=\"https:\/\/ekopark.info.pl\/?page_id=1383\" class=\"elementor-item\">Interpretacja M\u015a \u2013 kampanie<\/a><\/li>\n<\/ul>\t\t\t<\/nav>\n\t\t\t\t\t<div class=\"elementor-menu-toggle\" role=\"button\" tabindex=\"0\" aria-label=\"Menu Toggle\" aria-expanded=\"false\">\n\t\t\t<i aria-hidden=\"true\" role=\"presentation\" class=\"elementor-menu-toggle__icon--open eicon-menu-bar\"><\/i><i aria-hidden=\"true\" role=\"presentation\" class=\"elementor-menu-toggle__icon--close eicon-close\"><\/i>\t\t<\/div>\n\t\t\t\t\t<nav class=\"elementor-nav-menu--dropdown elementor-nav-menu__container\" aria-hidden=\"true\">\n\t\t\t\t<ul id=\"menu-2-ebbebc5\" class=\"elementor-nav-menu sm-vertical\"><li class=\"menu-item menu-item-type-post_type menu-item-object-page menu-item-1396\"><a href=\"https:\/\/ekopark.info.pl\/?page_id=1370\" class=\"elementor-item\" tabindex=\"-1\">Ustawodawstwo, prawo<\/a><\/li>\n<li class=\"menu-item menu-item-type-post_type menu-item-object-page menu-item-1395\"><a href=\"https:\/\/ekopark.info.pl\/?page_id=1375\" class=\"elementor-item\" tabindex=\"-1\">Ustawy \u2013 pliki do pobrania<\/a><\/li>\n<li class=\"menu-item menu-item-type-post_type menu-item-object-page menu-item-1394\"><a href=\"https:\/\/ekopark.info.pl\/?page_id=1377\" class=\"elementor-item\" tabindex=\"-1\">Rozporz\u0105dzenia &#8211; pliki do pobrania<\/a><\/li>\n<li class=\"menu-item menu-item-type-post_type menu-item-object-page menu-item-1392\"><a href=\"https:\/\/ekopark.info.pl\/?page_id=1381\" class=\"elementor-item\" tabindex=\"-1\">Interpretacja M\u015a \u2013 de minimis<\/a><\/li>\n<li class=\"menu-item menu-item-type-post_type menu-item-object-page menu-item-1391\"><a href=\"https:\/\/ekopark.info.pl\/?page_id=1383\" class=\"elementor-item\" tabindex=\"-1\">Interpretacja M\u015a \u2013 kampanie<\/a><\/li>\n<\/ul>\t\t\t<\/nav>\n\t\t\t\t\t\t<\/div>\n\t\t\t\t<\/div>\n\t\t\t\t<div class=\"elementor-element elementor-element-0a6e808 elementor-widget elementor-widget-image\" data-id=\"0a6e808\" data-element_type=\"widget\" data-e-type=\"widget\" data-widget_type=\"image.default\">\n\t\t\t\t<div class=\"elementor-widget-container\">\n\t\t\t\t\t\t\t\t\t\t\t\t\t\t\t\t<a href=\"https:\/\/bioremediacja.pl\/\">\n\t\t\t\t\t\t\t<img fetchpriority=\"high\" decoding=\"async\" width=\"600\" height=\"200\" src=\"https:\/\/ekopark.info.pl\/wp-content\/uploads\/2023\/02\/bioremediacja.pl3_.gif\" class=\"attachment-large size-large wp-image-482\" alt=\"bioremediacja banner\" \/>\t\t\t\t\t\t\t\t<\/a>\n\t\t\t\t\t\t\t\t\t\t\t\t\t\t\t<\/div>\n\t\t\t\t<\/div>\n\t\t\t\t\t<\/div>\n\t\t<\/div>\n\t\t\t\t\t<\/div>\n\t\t<\/section>\n\t\t\t\t<\/div>\n\t\t","protected":false},"excerpt":{"rendered":"<p>Ustawy &#8211; pliki do pobrania Prawo Ochrony \u015arodowiska Ustawa o Odpadach Ustawa o utrzymaniu czysto\u015bci i porz\u0105dku w Gminach Ustawa o gospodarce opakowaniami i odpadami opakowaniowymi Ustawa o obowi\u0105zkach przedsi\u0119biorc\u00f3w w zakresie gospodarowania niekt\u00f3rymi odpadmi oraz o op\u0142acie produktowej Ustawa o bateriach i akumulatorach Ustawa o zu\u017cytym sprz\u0119cie elektrycznym i elektronicznym Ustawa o mi\u0119dzynarodowym przemieszczaniu [&hellip;]<\/p>\n","protected":false},"author":1,"featured_media":0,"parent":0,"menu_order":0,"comment_status":"closed","ping_status":"closed","template":"","meta":{"footnotes":""},"class_list":["post-1375","page","type-page","status-publish","hentry"],"_links":{"self":[{"href":"https:\/\/ekopark.info.pl\/index.php?rest_route=\/wp\/v2\/pages\/1375","targetHints":{"allow":["GET"]}}],"collection":[{"href":"https:\/\/ekopark.info.pl\/index.php?rest_route=\/wp\/v2\/pages"}],"about":[{"href":"https:\/\/ekopark.info.pl\/index.php?rest_route=\/wp\/v2\/types\/page"}],"author":[{"embeddable":true,"href":"https:\/\/ekopark.info.pl\/index.php?rest_route=\/wp\/v2\/users\/1"}],"replies":[{"embeddable":true,"href":"https:\/\/ekopark.info.pl\/index.php?rest_route=%2Fwp%2Fv2%2Fcomments&post=1375"}],"version-history":[{"count":28,"href":"https:\/\/ekopark.info.pl\/index.php?rest_route=\/wp\/v2\/pages\/1375\/revisions"}],"predecessor-version":[{"id":1713,"href":"https:\/\/ekopark.info.pl\/index.php?rest_route=\/wp\/v2\/pages\/1375\/revisions\/1713"}],"wp:attachment":[{"href":"https:\/\/ekopark.info.pl\/index.php?rest_route=%2Fwp%2Fv2%2Fmedia&parent=1375"}],"curies":[{"name":"wp","href":"https:\/\/api.w.org\/{rel}","templated":true}]}}